{"id":20000,"date":"2022-10-25T23:55:02","date_gmt":"2022-10-25T21:55:02","guid":{"rendered":"https:\/\/rayshell.de\/?page_id=20000"},"modified":"2023-10-25T03:09:04","modified_gmt":"2023-10-25T01:09:04","slug":"lecon-5","status":"publish","type":"page","link":"https:\/\/rayshell.de\/fr\/lecon-5\/","title":{"rendered":"Le\u00e7on 5"},"content":{"rendered":"\t\t<div data-elementor-type=\"wp-page\" data-elementor-id=\"20000\" class=\"elementor elementor-20000 elementor-22769\" data-elementor-post-type=\"page\">\n\t\t\t\t\t\t<section class=\"elementor-section elementor-top-section elementor-element elementor-element-e2e5c15 elementor-section-boxed elementor-section-height-default elementor-section-height-default\" data-id=\"e2e5c15\" data-element_type=\"section\" data-e-type=\"section\" data-settings=\"{&quot;background_background&quot;:&quot;classic&quot;}\">\n\t\t\t\t\t\t<div class=\"elementor-container elementor-column-gap-default\">\n\t\t\t\t\t<div class=\"elementor-column elementor-col-33 elementor-top-column elementor-element elementor-element-0d81965\" data-id=\"0d81965\" data-element_type=\"column\" data-e-type=\"column\">\n\t\t\t<div class=\"elementor-widget-wrap\">\n\t\t\t\t\t\t\t<\/div>\n\t\t<\/div>\n\t\t\t\t<div class=\"elementor-column elementor-col-33 elementor-top-column elementor-element elementor-element-ddabad2\" data-id=\"ddabad2\" data-element_type=\"column\" data-e-type=\"column\">\n\t\t\t<div class=\"elementor-widget-wrap elementor-element-populated\">\n\t\t\t\t\t\t<div class=\"elementor-element elementor-element-dd1e28e elementor-widget elementor-widget-heading\" data-id=\"dd1e28e\" data-element_type=\"widget\" data-e-type=\"widget\" data-widget_type=\"heading.default\">\n\t\t\t\t<div class=\"elementor-widget-container\">\n\t\t\t\t\t<h2 class=\"elementor-heading-title elementor-size-default\">Le\u00e7on 5<br><br><\/h2>\t\t\t\t<\/div>\n\t\t\t\t<\/div>\n\t\t\t\t<div class=\"elementor-element elementor-element-a42fc04 elementor-widget elementor-widget-text-editor\" data-id=\"a42fc04\" data-element_type=\"widget\" data-e-type=\"widget\" data-widget_type=\"text-editor.default\">\n\t\t\t\t<div class=\"elementor-widget-container\">\n\t\t\t\t\t\t\t\t\t<p><strong>Bienvenue dans votre AOZ Studio Le\u00e7on 5<\/strong><\/p>\t\t\t\t\t\t\t\t<\/div>\n\t\t\t\t<\/div>\n\t\t\t\t<div class=\"elementor-element elementor-element-3c37f1b elementor-widget elementor-widget-text-editor\" data-id=\"3c37f1b\" data-element_type=\"widget\" data-e-type=\"widget\" data-widget_type=\"text-editor.default\">\n\t\t\t\t<div class=\"elementor-widget-container\">\n\t\t\t\t\t\t\t\t\t<p>Voyons comment tu peux manipuler du texte dans ton programme, pour commencer nous allons apprendre quelques nouvelles fonctions. Nous travaillerons \u00e9galement avec deux types de boucles (DO..Loop et Repeat\u2026Until) et utiliserons les boutons de la souris.<\/p><p>Dans l&rsquo;\u00e9diteur, clique sur l&rsquo;ic\u00f4ne papier \u00e0 l&rsquo;extr\u00eame gauche pour cr\u00e9er un nouveau projet. Donne au nouveau projet le nom de Le\u00e7on 5 et enregistre-le comme d\u00e9crit dans la Le\u00e7on 1.<\/p><p>Super, alors commence maintenant avec les nouvelles instructions de cette le\u00e7on :<\/p>\t\t\t\t\t\t\t\t<\/div>\n\t\t\t\t<\/div>\n\t\t\t\t<div class=\"elementor-element elementor-element-ece95fb elementor-widget elementor-widget-text-editor\" data-id=\"ece95fb\" data-element_type=\"widget\" data-e-type=\"widget\" data-widget_type=\"text-editor.default\">\n\t\t\t\t<div class=\"elementor-widget-container\">\n\t\t\t\t\t\t\t\t\t<p><strong>Left$ and Right$ Instructions&#8212;&#8212;&#8212;&#8212;&#8212;&#8212;&#8211;<\/strong><\/p>\t\t\t\t\t\t\t\t<\/div>\n\t\t\t\t<\/div>\n\t\t\t\t<div class=\"elementor-element elementor-element-cb1b88d elementor-widget elementor-widget-text-editor\" data-id=\"cb1b88d\" data-element_type=\"widget\" data-e-type=\"widget\" data-widget_type=\"text-editor.default\">\n\t\t\t\t<div class=\"elementor-widget-container\">\n\t\t\t\t\t\t\t\t\t<p>Utilis\u00e9 pour trouver un nombre sp\u00e9cifi\u00e9 de lettres \u00e0 partir des extr\u00e9mit\u00e9s gauche et droite d&rsquo;une cha\u00eene.<br \/>Par exemple, disons que A$= \u00ab\u00a0AOZ Studio\u00a0\u00bb.<br \/>Imprimer Left$(A$,3) imprimera \u00ab\u00a0AOZ\u00a0\u00bb.<\/p>\t\t\t\t\t\t\t\t<\/div>\n\t\t\t\t<\/div>\n\t\t\t\t<div class=\"elementor-element elementor-element-bce8e44 elementor-widget elementor-widget-text-editor\" data-id=\"bce8e44\" data-element_type=\"widget\" data-e-type=\"widget\" data-widget_type=\"text-editor.default\">\n\t\t\t\t<div class=\"elementor-widget-container\">\n\t\t\t\t\t\t\t\t\t<p><strong>Instr Instructions&#8212;&#8212;&#8212;&#8212;&#8212;&#8212;&#8212;&#8211;<\/strong><\/p>\t\t\t\t\t\t\t\t<\/div>\n\t\t\t\t<\/div>\n\t\t\t\t<div class=\"elementor-element elementor-element-85e0d0d elementor-widget elementor-widget-text-editor\" data-id=\"85e0d0d\" data-element_type=\"widget\" data-e-type=\"widget\" data-widget_type=\"text-editor.default\">\n\t\t\t\t<div class=\"elementor-widget-container\">\n\t\t\t\t\t\t\t\t\t<p>Utilis\u00e9 pour trouver la position d&rsquo;une cha\u00eene dans une autre cha\u00eene.<br \/>Par exemple, disons que A$= \u00ab\u00a0AOZ Studio\u00a0\u00bb.<br \/>Print Instr(A$, \u00ab\u00a0tud\u00a0\u00bb) Imprime la r\u00e9ponse 6 car dans A$ \u00ab\u00a0tud\u00a0\u00bb commence \u00e0 la 6\u00e8me lettre.<\/p>\t\t\t\t\t\t\t\t<\/div>\n\t\t\t\t<\/div>\n\t\t\t\t<div class=\"elementor-element elementor-element-a4f62fb elementor-widget elementor-widget-text-editor\" data-id=\"a4f62fb\" data-element_type=\"widget\" data-e-type=\"widget\" data-widget_type=\"text-editor.default\">\n\t\t\t\t<div class=\"elementor-widget-container\">\n\t\t\t\t\t\t\t\t\t<p><strong>Upper$ Instruction&#8212;&#8212;&#8212;&#8212;&#8211;<\/strong><\/p>\t\t\t\t\t\t\t\t<\/div>\n\t\t\t\t<\/div>\n\t\t\t\t<div class=\"elementor-element elementor-element-ae16889 elementor-widget elementor-widget-text-editor\" data-id=\"ae16889\" data-element_type=\"widget\" data-e-type=\"widget\" data-widget_type=\"text-editor.default\">\n\t\t\t\t<div class=\"elementor-widget-container\">\n\t\t\t\t\t\t\t\t\t<p>Utilis\u00e9 pour convertir une cha\u00eene de caract\u00e8res en majuscules. Nous avons d\u00e9j\u00e0 vu cette instruction auparavant.<br \/>ex. aoz ou Aoz en AOZ<\/p>\t\t\t\t\t\t\t\t<\/div>\n\t\t\t\t<\/div>\n\t\t\t\t<div class=\"elementor-element elementor-element-66a2ae0 elementor-widget elementor-widget-text-editor\" data-id=\"66a2ae0\" data-element_type=\"widget\" data-e-type=\"widget\" data-widget_type=\"text-editor.default\">\n\t\t\t\t<div class=\"elementor-widget-container\">\n\t\t\t\t\t\t\t\t\t<p><strong>Lower$ Instruction&#8212;&#8212;&#8212;&#8212;<\/strong><\/p>\t\t\t\t\t\t\t\t<\/div>\n\t\t\t\t<\/div>\n\t\t\t\t<div class=\"elementor-element elementor-element-fc6ef59 elementor-widget elementor-widget-text-editor\" data-id=\"fc6ef59\" data-element_type=\"widget\" data-e-type=\"widget\" data-widget_type=\"text-editor.default\">\n\t\t\t\t<div class=\"elementor-widget-container\">\n\t\t\t\t\t\t\t\t\t<p>M\u00eame chose dans l&rsquo;autre sens, il est utilis\u00e9 pour convertir une cha\u00eene de caract\u00e8res en minuscules.<br \/>Ex. AOZ ou Aoz en aoz<\/p>\t\t\t\t\t\t\t\t<\/div>\n\t\t\t\t<\/div>\n\t\t\t\t<div class=\"elementor-element elementor-element-8d87e4e elementor-widget elementor-widget-text-editor\" data-id=\"8d87e4e\" data-element_type=\"widget\" data-e-type=\"widget\" data-widget_type=\"text-editor.default\">\n\t\t\t\t<div class=\"elementor-widget-container\">\n\t\t\t\t\t\t\t\t\t<p><strong>Repeat Until Instruction&#8212;&#8212;&#8212;-<\/strong><\/p>\t\t\t\t\t\t\t\t<\/div>\n\t\t\t\t<\/div>\n\t\t\t\t<div class=\"elementor-element elementor-element-6077a9f elementor-widget elementor-widget-text-editor\" data-id=\"6077a9f\" data-element_type=\"widget\" data-e-type=\"widget\" data-widget_type=\"text-editor.default\">\n\t\t\t\t<div class=\"elementor-widget-container\">\n\t\t\t\t\t\t\t\t\t<p>C&rsquo;est une nouvelle instruction pour faire des boucles<\/p><p>Mais voyons cela avec un exemple concret<\/p><p>D\u00e9marrer la boucle du programme principal R\u00e9p\u00e9ter&#8230;Jusqu&rsquo;\u00e0 ce que<\/p>\t\t\t\t\t\t\t\t<\/div>\n\t\t\t\t<\/div>\n\t\t\t\t<div class=\"elementor-element elementor-element-1f7c70c elementor-widget elementor-widget-code-highlight\" data-id=\"1f7c70c\" data-element_type=\"widget\" data-e-type=\"widget\" data-widget_type=\"code-highlight.default\">\n\t\t\t\t<div class=\"elementor-widget-container\">\n\t\t\t\t\t\t\t<div class=\"prismjs-tomorrow copy-to-clipboard \">\n\t\t\t<pre data-line=\"\" class=\"highlight-height language-javascript \">\n\t\t\t\t<code readonly=\"true\" class=\"language-javascript\">\n\t\t\t\t\t<xmp>Repeat\ncls 1\nhome\nPaper 1 : Pen 0 : locate 1, 1 : Print \"Pr\u00e9nom et appuyer sur Entr\u00e9e\";\nPaper 0 : Pen 1 : Input \" \";F$\nPaper 1 : Pen 0 : locate 1, 3 : Print \"Appuyer sur Nom et Entr\u00e9e\";\nPaper 0 : Pen 1 : Input \" \";S$<\/xmp>\n\t\t\t\t<\/code>\n\t\t\t<\/pre>\n\t\t<\/div>\n\t\t\t\t\t\t<\/div>\n\t\t\t\t<\/div>\n\t\t\t\t<div class=\"elementor-element elementor-element-bd12b25 elementor-widget elementor-widget-text-editor\" data-id=\"bd12b25\" data-element_type=\"widget\" data-e-type=\"widget\" data-widget_type=\"text-editor.default\">\n\t\t\t\t<div class=\"elementor-widget-container\">\n\t\t\t\t\t\t\t\t\t<p>Notez le point-virgule &lsquo;;&rsquo; qui permet de placer la sortie suivante directement apr\u00e8s ; dans ce cas, le point d&rsquo;interrogation.<\/p>\t\t\t\t\t\t\t\t<\/div>\n\t\t\t\t<\/div>\n\t\t\t\t<div class=\"elementor-element elementor-element-b983756 elementor-widget elementor-widget-code-highlight\" data-id=\"b983756\" data-element_type=\"widget\" data-e-type=\"widget\" data-widget_type=\"code-highlight.default\">\n\t\t\t\t<div class=\"elementor-widget-container\">\n\t\t\t\t\t\t\t<div class=\"prismjs-tomorrow copy-to-clipboard \">\n\t\t\t<pre data-line=\"\" class=\"highlight-height language-javascript \">\n\t\t\t\t<code readonly=\"true\" class=\"language-javascript\">\n\t\t\t\t\t<xmp>A$=F$+\" \"+S$\nPrint\nPaper 1 : Pen 0 : print \" -> Nom complet A$= \" + A$\nPaper 1 : Pen 0 : Print:Print<\/xmp>\n\t\t\t\t<\/code>\n\t\t\t<\/pre>\n\t\t<\/div>\n\t\t\t\t\t\t<\/div>\n\t\t\t\t<\/div>\n\t\t\t\t<div class=\"elementor-element elementor-element-cc85099 elementor-widget elementor-widget-text-editor\" data-id=\"cc85099\" data-element_type=\"widget\" data-e-type=\"widget\" data-widget_type=\"text-editor.default\">\n\t\t\t\t<div class=\"elementor-widget-container\">\n\t\t\t\t\t\t\t\t\t<p>Effectue les manipulations de cha\u00eenes et affiche-les \u00e0 l&rsquo;\u00e9cran<\/p>\t\t\t\t\t\t\t\t<\/div>\n\t\t\t\t<\/div>\n\t\t\t\t<div class=\"elementor-element elementor-element-54bf3a1 elementor-widget elementor-widget-code-highlight\" data-id=\"54bf3a1\" data-element_type=\"widget\" data-e-type=\"widget\" data-widget_type=\"code-highlight.default\">\n\t\t\t\t<div class=\"elementor-widget-container\">\n\t\t\t\t\t\t\t<div class=\"prismjs-tomorrow copy-to-clipboard \">\n\t\t\t<pre data-line=\"\" class=\"highlight-height language-javascript \">\n\t\t\t\t<code readonly=\"true\" class=\"language-javascript\">\n\t\t\t\t\t<xmp>Print \"Left$(A$,5):\" + Left$(A$,5) + \" Right$(A$,5):\" + Right$(A$,5) + \" Mid$(A$,3,5):\" + Mid$(A$,3,5) : Print\nPrint \"Instr(A$,''e''): \"+ Str$(Instr(A$,\"e\")) : print\nPrint \"Upper$(A$):\" + Upper$(A$) + \" Lower$(A$):\"+Lower$(A$) : print\nPrint A$ - \" \" + \" Sans espace\"\nPrint A$ - S$ + \" Sans nom de famille\"\nPrint A$ - \"a\" - \"e\" - \"i\" - \"o\" - \"u\" + \" Sans toutes les voyelles\"\nPaper 1 : Pen 0 : locate 1, 20 : Centre \"Bouton gauche de la souris pour rejouer\" + \" - Bouton droit de la souris pour quitter\"<\/xmp>\n\t\t\t\t<\/code>\n\t\t\t<\/pre>\n\t\t<\/div>\n\t\t\t\t\t\t<\/div>\n\t\t\t\t<\/div>\n\t\t\t\t<div class=\"elementor-element elementor-element-52ba380 elementor-widget elementor-widget-text-editor\" data-id=\"52ba380\" data-element_type=\"widget\" data-e-type=\"widget\" data-widget_type=\"text-editor.default\">\n\t\t\t\t<div class=\"elementor-widget-container\">\n\t\t\t\t\t\t\t\t\t<p>Teste si le programme est rejou\u00e9 ou s&rsquo;il se termine<\/p>\t\t\t\t\t\t\t\t<\/div>\n\t\t\t\t<\/div>\n\t\t\t\t<div class=\"elementor-element elementor-element-8c9e3b6 elementor-widget elementor-widget-code-highlight\" data-id=\"8c9e3b6\" data-element_type=\"widget\" data-e-type=\"widget\" data-widget_type=\"code-highlight.default\">\n\t\t\t\t<div class=\"elementor-widget-container\">\n\t\t\t\t\t\t\t<div class=\"prismjs-tomorrow copy-to-clipboard \">\n\t\t\t<pre data-line=\"\" class=\"highlight-height language-javascript \">\n\t\t\t\t<code readonly=\"true\" class=\"language-javascript\">\n\t\t\t\t\t<xmp>Do \/\/D\u00e9marre la deuxi\u00e8me boucle, une Do..Loop\nM=Mouse Key \/\/r\u00e9cup\u00e8re l'\u00e9tat d'un clic de souris et le stocke dans la variable M<\/xmp>\n\t\t\t\t<\/code>\n\t\t\t<\/pre>\n\t\t<\/div>\n\t\t\t\t\t\t<\/div>\n\t\t\t\t<\/div>\n\t\t\t\t<div class=\"elementor-element elementor-element-4c44795 elementor-widget elementor-widget-text-editor\" data-id=\"4c44795\" data-element_type=\"widget\" data-e-type=\"widget\" data-widget_type=\"text-editor.default\">\n\t\t\t\t<div class=\"elementor-widget-container\">\n\t\t\t\t\t\t\t\t\t<p>Les valeurs possibles sont les suivantes :<br \/>0 = pas de clic de souris <br \/>1= bouton gauche de la souris enfonc\u00e9 <br \/>2= bouton droit de la souris enfonc\u00e9<\/p>\t\t\t\t\t\t\t\t<\/div>\n\t\t\t\t<\/div>\n\t\t\t\t<div class=\"elementor-element elementor-element-eec46b9 elementor-widget elementor-widget-code-highlight\" data-id=\"eec46b9\" data-element_type=\"widget\" data-e-type=\"widget\" data-widget_type=\"code-highlight.default\">\n\t\t\t\t<div class=\"elementor-widget-container\">\n\t\t\t\t\t\t\t<div class=\"prismjs-tomorrow copy-to-clipboard \">\n\t\t\t<pre data-line=\"\" class=\"highlight-height language-javascript \">\n\t\t\t\t<code readonly=\"true\" class=\"language-javascript\">\n\t\t\t\t\t<xmp>Exit If M>0 \/\/ Ne quitte la boucle que si une touche a \u00e9t\u00e9 press\u00e9e(M=1 or 2)\nLoop<\/xmp>\n\t\t\t\t<\/code>\n\t\t\t<\/pre>\n\t\t<\/div>\n\t\t\t\t\t\t<\/div>\n\t\t\t\t<\/div>\n\t\t\t\t<div class=\"elementor-element elementor-element-f6edb3a elementor-widget elementor-widget-text-editor\" data-id=\"f6edb3a\" data-element_type=\"widget\" data-e-type=\"widget\" data-widget_type=\"text-editor.default\">\n\t\t\t\t<div class=\"elementor-widget-container\">\n\t\t\t\t\t\t\t\t\t<p>Nous terminons la boucle Do..ici parce que M = 1 ou 2 (pas 0)<\/p>\t\t\t\t\t\t\t\t<\/div>\n\t\t\t\t<\/div>\n\t\t\t\t<div class=\"elementor-element elementor-element-4a1a570 elementor-widget elementor-widget-code-highlight\" data-id=\"4a1a570\" data-element_type=\"widget\" data-e-type=\"widget\" data-widget_type=\"code-highlight.default\">\n\t\t\t\t<div class=\"elementor-widget-container\">\n\t\t\t\t\t\t\t<div class=\"prismjs-tomorrow copy-to-clipboard \">\n\t\t\t<pre data-line=\"\" class=\"highlight-height language-javascript \">\n\t\t\t\t<code readonly=\"true\" class=\"language-javascript\">\n\t\t\t\t\t<xmp>Until M=2 \/\/nous ne terminons le Repeat..Until qu'avec le clic droit de la souris (M=2), sinon il retourne dans la boucle du programme principal<\/xmp>\n\t\t\t\t<\/code>\n\t\t\t<\/pre>\n\t\t<\/div>\n\t\t\t\t\t\t<\/div>\n\t\t\t\t<\/div>\n\t\t\t\t<div class=\"elementor-element elementor-element-6609af3 elementor-widget elementor-widget-text-editor\" data-id=\"6609af3\" data-element_type=\"widget\" data-e-type=\"widget\" data-widget_type=\"text-editor.default\">\n\t\t\t\t<div class=\"elementor-widget-container\">\n\t\t\t\t\t\t\t\t\t<p>**Clique sur le bouton \u00ab\u00a0Run in Browser\u00a0\u00bb ou F1 pour lancer le programme dans le navigateur ou sur \u00ab\u00a0Run in AOZ Viewer\u00a0\u00bb (F2) pour le lancer dans l&rsquo;\u00e9diteur.<\/p><p>Remarque : Une commande Exit dans une boucle n&rsquo;est pas vraiment une mani\u00e8re super propre de programmer, tu peux r\u00e9fl\u00e9chir \u00e0 d&rsquo;autres possibilit\u00e9s pour obtenir le m\u00eame r\u00e9sultat.<\/p>\t\t\t\t\t\t\t\t<\/div>\n\t\t\t\t<\/div>\n\t\t\t\t<div class=\"elementor-element elementor-element-2593677 elementor-widget elementor-widget-text-editor\" data-id=\"2593677\" data-element_type=\"widget\" data-e-type=\"widget\" data-widget_type=\"text-editor.default\">\n\t\t\t\t<div class=\"elementor-widget-container\">\n\t\t\t\t\t\t\t\t\t<p>Nous avons fait de grands progr\u00e8s, la <a href=\"https:\/\/rayshell.de\/fr\/lecon-6\/\"><strong>le\u00e7on 6<\/strong><\/a> suivante sera une introduction pour programmer un jeu. \ud83d\ude42 Amusez-vous bien !<\/p>\t\t\t\t\t\t\t\t<\/div>\n\t\t\t\t<\/div>\n\t\t\t\t<div class=\"elementor-element elementor-element-988d118 elementor-widget elementor-widget-text-editor\" data-id=\"988d118\" data-element_type=\"widget\" data-e-type=\"widget\" data-widget_type=\"text-editor.default\">\n\t\t\t\t<div class=\"elementor-widget-container\">\n\t\t\t\t\t\t\t\t\t<p>Mis \u00e0 jour le 23.07.2023<br \/>Test\u00e9 avec AOZ Studio\u2122 version 1.0 mise \u00e0 jour 44 le 23\/07\/2023<\/p>\t\t\t\t\t\t\t\t<\/div>\n\t\t\t\t<\/div>\n\t\t\t\t\t<\/div>\n\t\t<\/div>\n\t\t\t\t<div class=\"elementor-column elementor-col-33 elementor-top-column elementor-element elementor-element-c5e13d0\" data-id=\"c5e13d0\" data-element_type=\"column\" data-e-type=\"column\">\n\t\t\t<div class=\"elementor-widget-wrap\">\n\t\t\t\t\t\t\t<\/div>\n\t\t<\/div>\n\t\t\t\t\t<\/div>\n\t\t<\/section>\n\t\t\t\t<\/div>\n\t\t","protected":false},"excerpt":{"rendered":"<p>Le\u00e7on 5 Bienvenue dans votre AOZ Studio Le\u00e7on 5 Voyons comment tu peux manipuler du texte dans ton programme, pour commencer nous allons apprendre quelques nouvelles fonctions. Nous travaillerons \u00e9galement avec deux types de boucles (DO..Loop et Repeat\u2026Until) et utiliserons les boutons de la souris. Dans l&rsquo;\u00e9diteur, clique sur l&rsquo;ic\u00f4ne papier \u00e0 l&rsquo;extr\u00eame gauche pour [&hellip;]<\/p>\n","protected":false},"author":153,"featured_media":0,"parent":0,"menu_order":0,"comment_status":"closed","ping_status":"closed","template":"","meta":{"footnotes":""},"class_list":["post-20000","page","type-page","status-publish","hentry"],"yoast_head":"<!-- This site is optimized with the Yoast SEO plugin v27.4 - https:\/\/yoast.com\/product\/yoast-seo-wordpress\/ -->\n<title>Le\u00e7on 5 - RayShell Computer Department<\/title>\n<meta name=\"robots\" content=\"index, follow, max-snippet:-1, max-image-preview:large, max-video-preview:-1\" \/>\n<link rel=\"canonical\" href=\"https:\/\/rayshell.de\/fr\/lecon-5\/\" \/>\n<meta property=\"og:locale\" content=\"fr_FR\" \/>\n<meta property=\"og:type\" content=\"article\" \/>\n<meta property=\"og:title\" content=\"Le\u00e7on 5 - RayShell Computer Department\" \/>\n<meta property=\"og:description\" content=\"Le\u00e7on 5 Bienvenue dans votre AOZ Studio Le\u00e7on 5 Voyons comment tu peux manipuler du texte dans ton programme, pour commencer nous allons apprendre quelques nouvelles fonctions. Nous travaillerons \u00e9galement avec deux types de boucles (DO..Loop et Repeat\u2026Until) et utiliserons les boutons de la souris. Dans l&rsquo;\u00e9diteur, clique sur l&rsquo;ic\u00f4ne papier \u00e0 l&rsquo;extr\u00eame gauche pour [&hellip;]\" \/>\n<meta property=\"og:url\" content=\"https:\/\/rayshell.de\/fr\/lecon-5\/\" \/>\n<meta property=\"og:site_name\" content=\"RayShell Computer Department\" \/>\n<meta property=\"article:modified_time\" content=\"2023-10-25T01:09:04+00:00\" \/>\n<meta name=\"twitter:card\" content=\"summary_large_image\" \/>\n<meta name=\"twitter:label1\" content=\"Dur\u00e9e de lecture estim\u00e9e\" \/>\n\t<meta name=\"twitter:data1\" content=\"3 minutes\" \/>\n<script type=\"application\/ld+json\" class=\"yoast-schema-graph\">{\"@context\":\"https:\\\/\\\/schema.org\",\"@graph\":[{\"@type\":\"WebPage\",\"@id\":\"https:\\\/\\\/rayshell.de\\\/fr\\\/lecon-5\\\/\",\"url\":\"https:\\\/\\\/rayshell.de\\\/fr\\\/lecon-5\\\/\",\"name\":\"Le\u00e7on 5 - RayShell Computer Department\",\"isPartOf\":{\"@id\":\"https:\\\/\\\/rayshell.de\\\/fr\\\/#website\"},\"datePublished\":\"2022-10-25T21:55:02+00:00\",\"dateModified\":\"2023-10-25T01:09:04+00:00\",\"breadcrumb\":{\"@id\":\"https:\\\/\\\/rayshell.de\\\/fr\\\/lecon-5\\\/#breadcrumb\"},\"inLanguage\":\"fr-FR\",\"potentialAction\":[{\"@type\":\"ReadAction\",\"target\":[\"https:\\\/\\\/rayshell.de\\\/fr\\\/lecon-5\\\/\"]}]},{\"@type\":\"BreadcrumbList\",\"@id\":\"https:\\\/\\\/rayshell.de\\\/fr\\\/lecon-5\\\/#breadcrumb\",\"itemListElement\":[{\"@type\":\"ListItem\",\"position\":1,\"name\":\"Home\",\"item\":\"https:\\\/\\\/rayshell.de\\\/fr\\\/\"},{\"@type\":\"ListItem\",\"position\":2,\"name\":\"Le\u00e7on 5\"}]},{\"@type\":\"WebSite\",\"@id\":\"https:\\\/\\\/rayshell.de\\\/fr\\\/#website\",\"url\":\"https:\\\/\\\/rayshell.de\\\/fr\\\/\",\"name\":\"RayShell Computer Department\",\"description\":\"Programmer avec AOZ Studio\u2122, c'est facile. Toute personne \u00e2g\u00e9e de 12 ans et plus peut commencer ici gratuitement.\",\"potentialAction\":[{\"@type\":\"SearchAction\",\"target\":{\"@type\":\"EntryPoint\",\"urlTemplate\":\"https:\\\/\\\/rayshell.de\\\/fr\\\/?s={search_term_string}\"},\"query-input\":{\"@type\":\"PropertyValueSpecification\",\"valueRequired\":true,\"valueName\":\"search_term_string\"}}],\"inLanguage\":\"fr-FR\"}]}<\/script>\n<!-- \/ Yoast SEO plugin. -->","yoast_head_json":{"title":"Le\u00e7on 5 - RayShell Computer Department","robots":{"index":"index","follow":"follow","max-snippet":"max-snippet:-1","max-image-preview":"max-image-preview:large","max-video-preview":"max-video-preview:-1"},"canonical":"https:\/\/rayshell.de\/fr\/lecon-5\/","og_locale":"fr_FR","og_type":"article","og_title":"Le\u00e7on 5 - RayShell Computer Department","og_description":"Le\u00e7on 5 Bienvenue dans votre AOZ Studio Le\u00e7on 5 Voyons comment tu peux manipuler du texte dans ton programme, pour commencer nous allons apprendre quelques nouvelles fonctions. Nous travaillerons \u00e9galement avec deux types de boucles (DO..Loop et Repeat\u2026Until) et utiliserons les boutons de la souris. Dans l&rsquo;\u00e9diteur, clique sur l&rsquo;ic\u00f4ne papier \u00e0 l&rsquo;extr\u00eame gauche pour [&hellip;]","og_url":"https:\/\/rayshell.de\/fr\/lecon-5\/","og_site_name":"RayShell Computer Department","article_modified_time":"2023-10-25T01:09:04+00:00","twitter_card":"summary_large_image","twitter_misc":{"Dur\u00e9e de lecture estim\u00e9e":"3 minutes"},"schema":{"@context":"https:\/\/schema.org","@graph":[{"@type":"WebPage","@id":"https:\/\/rayshell.de\/fr\/lecon-5\/","url":"https:\/\/rayshell.de\/fr\/lecon-5\/","name":"Le\u00e7on 5 - RayShell Computer Department","isPartOf":{"@id":"https:\/\/rayshell.de\/fr\/#website"},"datePublished":"2022-10-25T21:55:02+00:00","dateModified":"2023-10-25T01:09:04+00:00","breadcrumb":{"@id":"https:\/\/rayshell.de\/fr\/lecon-5\/#breadcrumb"},"inLanguage":"fr-FR","potentialAction":[{"@type":"ReadAction","target":["https:\/\/rayshell.de\/fr\/lecon-5\/"]}]},{"@type":"BreadcrumbList","@id":"https:\/\/rayshell.de\/fr\/lecon-5\/#breadcrumb","itemListElement":[{"@type":"ListItem","position":1,"name":"Home","item":"https:\/\/rayshell.de\/fr\/"},{"@type":"ListItem","position":2,"name":"Le\u00e7on 5"}]},{"@type":"WebSite","@id":"https:\/\/rayshell.de\/fr\/#website","url":"https:\/\/rayshell.de\/fr\/","name":"RayShell Computer Department","description":"Programmer avec AOZ Studio\u2122, c'est facile. Toute personne \u00e2g\u00e9e de 12 ans et plus peut commencer ici gratuitement.","potentialAction":[{"@type":"SearchAction","target":{"@type":"EntryPoint","urlTemplate":"https:\/\/rayshell.de\/fr\/?s={search_term_string}"},"query-input":{"@type":"PropertyValueSpecification","valueRequired":true,"valueName":"search_term_string"}}],"inLanguage":"fr-FR"}]}},"_links":{"self":[{"href":"https:\/\/rayshell.de\/fr\/wp-json\/wp\/v2\/pages\/20000","targetHints":{"allow":["GET"]}}],"collection":[{"href":"https:\/\/rayshell.de\/fr\/wp-json\/wp\/v2\/pages"}],"about":[{"href":"https:\/\/rayshell.de\/fr\/wp-json\/wp\/v2\/types\/page"}],"author":[{"embeddable":true,"href":"https:\/\/rayshell.de\/fr\/wp-json\/wp\/v2\/users\/153"}],"replies":[{"embeddable":true,"href":"https:\/\/rayshell.de\/fr\/wp-json\/wp\/v2\/comments?post=20000"}],"version-history":[{"count":12,"href":"https:\/\/rayshell.de\/fr\/wp-json\/wp\/v2\/pages\/20000\/revisions"}],"predecessor-version":[{"id":32028,"href":"https:\/\/rayshell.de\/fr\/wp-json\/wp\/v2\/pages\/20000\/revisions\/32028"}],"wp:attachment":[{"href":"https:\/\/rayshell.de\/fr\/wp-json\/wp\/v2\/media?parent=20000"}],"curies":[{"name":"wp","href":"https:\/\/api.w.org\/{rel}","templated":true}]}}