{"id":19958,"date":"2022-10-25T22:32:37","date_gmt":"2022-10-25T20:32:37","guid":{"rendered":"https:\/\/rayshell.de\/?page_id=19958"},"modified":"2023-10-25T03:05:04","modified_gmt":"2023-10-25T01:05:04","slug":"lecon-2","status":"publish","type":"page","link":"https:\/\/rayshell.de\/fr\/lecon-2\/","title":{"rendered":"Le\u00e7on 2"},"content":{"rendered":"\t\t<div data-elementor-type=\"wp-page\" data-elementor-id=\"19958\" class=\"elementor elementor-19958 elementor-22730\" data-elementor-post-type=\"page\">\n\t\t\t\t\t\t<section class=\"elementor-section elementor-top-section elementor-element elementor-element-683e98f elementor-section-boxed elementor-section-height-default elementor-section-height-default\" data-id=\"683e98f\" data-element_type=\"section\" data-e-type=\"section\" data-settings=\"{&quot;background_background&quot;:&quot;classic&quot;}\">\n\t\t\t\t\t\t<div class=\"elementor-container elementor-column-gap-default\">\n\t\t\t\t\t<div class=\"elementor-column elementor-col-33 elementor-top-column elementor-element elementor-element-186d2ea\" data-id=\"186d2ea\" data-element_type=\"column\" data-e-type=\"column\">\n\t\t\t<div class=\"elementor-widget-wrap\">\n\t\t\t\t\t\t\t<\/div>\n\t\t<\/div>\n\t\t\t\t<div class=\"elementor-column elementor-col-33 elementor-top-column elementor-element elementor-element-239a251\" data-id=\"239a251\" data-element_type=\"column\" data-e-type=\"column\">\n\t\t\t<div class=\"elementor-widget-wrap elementor-element-populated\">\n\t\t\t\t\t\t<div class=\"elementor-element elementor-element-3fa21d8 elementor-widget elementor-widget-heading\" data-id=\"3fa21d8\" data-element_type=\"widget\" data-e-type=\"widget\" data-widget_type=\"heading.default\">\n\t\t\t\t<div class=\"elementor-widget-container\">\n\t\t\t\t\t<h2 class=\"elementor-heading-title elementor-size-default\">Le\u00e7on 2<br><br><\/h2>\t\t\t\t<\/div>\n\t\t\t\t<\/div>\n\t\t\t\t<div class=\"elementor-element elementor-element-966cd75 elementor-widget elementor-widget-text-editor\" data-id=\"966cd75\" data-element_type=\"widget\" data-e-type=\"widget\" data-widget_type=\"text-editor.default\">\n\t\t\t\t<div class=\"elementor-widget-container\">\n\t\t\t\t\t\t\t\t\t<p><strong>Bienvenue dans votre AOZ Studio Le\u00e7on 2<\/strong><\/p><p><strong>\u00a0<\/strong><\/p>\t\t\t\t\t\t\t\t<\/div>\n\t\t\t\t<\/div>\n\t\t\t\t<div class=\"elementor-element elementor-element-a94e787 elementor-widget elementor-widget-text-editor\" data-id=\"a94e787\" data-element_type=\"widget\" data-e-type=\"widget\" data-widget_type=\"text-editor.default\">\n\t\t\t\t<div class=\"elementor-widget-container\">\n\t\t\t\t\t\t\t\t\t<p>\/\/ Apr\u00e8s les deux \/\/, tout sera une note, un rappel ou une explication, mais pas une instruction de programme pour AOZ.<\/p>\t\t\t\t\t\t\t\t<\/div>\n\t\t\t\t<\/div>\n\t\t\t\t<div class=\"elementor-element elementor-element-a655f96 elementor-widget elementor-widget-text-editor\" data-id=\"a655f96\" data-element_type=\"widget\" data-e-type=\"widget\" data-widget_type=\"text-editor.default\">\n\t\t\t\t<div class=\"elementor-widget-container\">\n\t\t\t\t\t\t\t\t\t<p>Je vais te montrer comment entrer des informations dans ton programme et les afficher \u00e0 l&rsquo;\u00e9cran.<\/p><p>Dans l&rsquo;\u00e9diteur, clique sur l&rsquo;ic\u00f4ne papier \u00e0 l&rsquo;extr\u00eame gauche pour cr\u00e9er un nouveau projet. Donne au nouveau projet le nom de Le\u00e7on 2 et enregistre-le comme d\u00e9crit dans la Le\u00e7on 1.<\/p>\t\t\t\t\t\t\t\t<\/div>\n\t\t\t\t<\/div>\n\t\t\t\t<div class=\"elementor-element elementor-element-172126f elementor-widget elementor-widget-text-editor\" data-id=\"172126f\" data-element_type=\"widget\" data-e-type=\"widget\" data-widget_type=\"text-editor.default\">\n\t\t\t\t<div class=\"elementor-widget-container\">\n\t\t\t\t\t\t\t\t\t<p><em><strong>Variables&#8212;&#8212;&#8212;&#8212;&#8211;<\/strong><\/em><\/p>\t\t\t\t\t\t\t\t<\/div>\n\t\t\t\t<\/div>\n\t\t\t\t<div class=\"elementor-element elementor-element-1c794b8 elementor-widget elementor-widget-text-editor\" data-id=\"1c794b8\" data-element_type=\"widget\" data-e-type=\"widget\" data-widget_type=\"text-editor.default\">\n\t\t\t\t<div class=\"elementor-widget-container\">\n\t\t\t\t\t\t\t\t\t<p>Une \u00ab\u00a0variable\u00a0\u00bb est un moyen de stocker temporairement des informations. La valeur qu&rsquo;elle stocke peut varier, un num\u00e9ro, une lettre, une phrase&#8230; Nous l&rsquo;avons vu dans la le\u00e7on 1 et nous allons maintenant jouer un peu avec dans cette le\u00e7on.<\/p><p>Par exemple:<\/p>\t\t\t\t\t\t\t\t<\/div>\n\t\t\t\t<\/div>\n\t\t\t\t<div class=\"elementor-element elementor-element-84e0123 elementor-widget elementor-widget-code-highlight\" data-id=\"84e0123\" data-element_type=\"widget\" data-e-type=\"widget\" data-widget_type=\"code-highlight.default\">\n\t\t\t\t<div class=\"elementor-widget-container\">\n\t\t\t\t\t\t\t<div class=\"prismjs-tomorrow copy-to-clipboard \">\n\t\t\t<pre data-line=\"\" class=\"highlight-height language-javascript \">\n\t\t\t\t<code readonly=\"true\" class=\"language-javascript\">\n\t\t\t\t\t<xmp>N = 20\nPrint N\n\nN = 2000\nPrint N\n\nELEPHANT= 1\nPrint ELEPHANT\n\nCHAQUEMOT$ = \"Cuisine\"\nPrint CHAQUEMOT$\n\nCHAQUEMOT$ = \"Elephant\"\nPrint CHAQUEMOT$\n\nELEPHANT$ = \"Fred\"\nPrint  ELEPHANT$\n\nEnd<\/xmp>\n\t\t\t\t<\/code>\n\t\t\t<\/pre>\n\t\t<\/div>\n\t\t\t\t\t\t<\/div>\n\t\t\t\t<\/div>\n\t\t\t\t<div class=\"elementor-element elementor-element-af38d4a elementor-widget elementor-widget-text-editor\" data-id=\"af38d4a\" data-element_type=\"widget\" data-e-type=\"widget\" data-widget_type=\"text-editor.default\">\n\t\t\t\t<div class=\"elementor-widget-container\">\n\t\t\t\t\t\t\t\t\t<p>La variable \u00ab\u00a0N\u00a0\u00bb est utilis\u00e9e pour stocker le nombre 20, puis 2000.<\/p><p>La variable \u00ab\u00a0CHAQUEMOT$\u00a0\u00bb est utilis\u00e9e pour stocker les mots cuisine, puis \u00e9l\u00e9phant, puis Fred.<\/p><p>Les lettres et les mots sont appel\u00e9s cha\u00eenes de caract\u00e8res dans le langage informatique. CHAQUEMOT$ est une \u00ab\u00a0variable cha\u00eene\u00a0\u00bb, elle stocke des morceaux de texte.<\/p><p>Il faut mettre les mots entre guillemets doubles, \u00ab\u00a0cuisine\u00a0\u00bb, \u00ab\u00a0\u00e9l\u00e9phant\u00a0\u00bb&#8230;<\/p><p>Notez que nous ajoutons le signe dollar \u00e0 la fin du nom de la variable pour que l&rsquo;ordinateur sache que la variable contient un mot et non un nombre. Les variables doivent \u00eatre \u00e9crites exactement de la m\u00eame mani\u00e8re \u00e0 chaque fois ;<\/p><p>Lorsque nous \u00e9pelons ChaqueMot$, CHAQUEMOT$ ou chaquemot$ ou cHaQuEmOt$ n&rsquo;est pas reconnu comme \u00e9tant le m\u00eame.<\/p><p>**Clique sur le bouton \u00ab\u00a0Run in Browser\u00a0\u00bb ou F1 pour lancer le programme dans le navigateur ou sur \u00ab\u00a0Run in AOZ Viewer\u00a0\u00bb (F2) pour le lancer dans l&rsquo;\u00e9diteur.<\/p><p>**Efface la commande End du haut pour que les commandes suivantes soient \u00e9galement ex\u00e9cut\u00e9es.<\/p>\t\t\t\t\t\t\t\t<\/div>\n\t\t\t\t<\/div>\n\t\t\t\t<div class=\"elementor-element elementor-element-443c7bb elementor-widget elementor-widget-code-highlight\" data-id=\"443c7bb\" data-element_type=\"widget\" data-e-type=\"widget\" data-widget_type=\"code-highlight.default\">\n\t\t\t\t<div class=\"elementor-widget-container\">\n\t\t\t\t\t\t\t<div class=\"prismjs-tomorrow copy-to-clipboard \">\n\t\t\t<pre data-line=\"\" class=\"highlight-height language-javascript \">\n\t\t\t\t<code readonly=\"true\" class=\"language-javascript\">\n\t\t\t\t\t<xmp>Cls<\/xmp>\n\t\t\t\t<\/code>\n\t\t\t<\/pre>\n\t\t<\/div>\n\t\t\t\t\t\t<\/div>\n\t\t\t\t<\/div>\n\t\t\t\t<div class=\"elementor-element elementor-element-abb0bab elementor-widget elementor-widget-text-editor\" data-id=\"abb0bab\" data-element_type=\"widget\" data-e-type=\"widget\" data-widget_type=\"text-editor.default\">\n\t\t\t\t<div class=\"elementor-widget-container\">\n\t\t\t\t\t\t\t\t\t<p>Cls efface l&rsquo;\u00e9cran. Note : Tellement rapide que tu ne peux m\u00eame pas voir les commandes d&rsquo;impression d&rsquo;en haut.<\/p>\t\t\t\t\t\t\t\t<\/div>\n\t\t\t\t<\/div>\n\t\t\t\t<div class=\"elementor-element elementor-element-08b0fdc elementor-widget elementor-widget-code-highlight\" data-id=\"08b0fdc\" data-element_type=\"widget\" data-e-type=\"widget\" data-widget_type=\"code-highlight.default\">\n\t\t\t\t<div class=\"elementor-widget-container\">\n\t\t\t\t\t\t\t<div class=\"prismjs-tomorrow copy-to-clipboard \">\n\t\t\t<pre data-line=\"\" class=\"highlight-height language-javascript \">\n\t\t\t\t<code readonly=\"true\" class=\"language-javascript\">\n\t\t\t\t\t<xmp>Print \"Question 1 sur 4\" : Input \"Le nombre 95 est-il un nombre ou une cha\u00eene de caract\u00e8res ? N ou C\" ; REPONSE1$ <\/xmp>\n\t\t\t\t<\/code>\n\t\t\t<\/pre>\n\t\t<\/div>\n\t\t\t\t\t\t<\/div>\n\t\t\t\t<\/div>\n\t\t\t\t<div class=\"elementor-element elementor-element-bcc6318 elementor-widget elementor-widget-text-editor\" data-id=\"bcc6318\" data-element_type=\"widget\" data-e-type=\"widget\" data-widget_type=\"text-editor.default\">\n\t\t\t\t<div class=\"elementor-widget-container\">\n\t\t\t\t\t\t\t\t\t<p>Note les deux points entre Print et Input. Il nous permet d&rsquo;\u00e9crire plusieurs commandes sur une seule ligne.<\/p>\t\t\t\t\t\t\t\t<\/div>\n\t\t\t\t<\/div>\n\t\t\t\t<div class=\"elementor-element elementor-element-3e8e6cc elementor-widget elementor-widget-text-editor\" data-id=\"3e8e6cc\" data-element_type=\"widget\" data-e-type=\"widget\" data-widget_type=\"text-editor.default\">\n\t\t\t\t<div class=\"elementor-widget-container\">\n\t\t\t\t\t\t\t\t\t<p><strong><em>If &#8211; Else -End if commande&#8212;&#8212;&#8212;&#8212;<\/em><\/strong><\/p>\t\t\t\t\t\t\t\t<\/div>\n\t\t\t\t<\/div>\n\t\t\t\t<div class=\"elementor-element elementor-element-46d2ed5 elementor-widget elementor-widget-text-editor\" data-id=\"46d2ed5\" data-element_type=\"widget\" data-e-type=\"widget\" data-widget_type=\"text-editor.default\">\n\t\t\t\t<div class=\"elementor-widget-container\">\n\t\t\t\t\t\t\t\t\t<p>Permettez-moi maintenant d&rsquo;expliquer la commande tr\u00e8s utile en 3 parties \u00ab\u00a0if\u00a0\u00bb et \u00ab\u00a0Else\u00a0\u00bb et \u00ab\u00a0End if\u00a0\u00bb pour prendre des d\u00e9cisions logiques simples.<\/p><p>If (quelque chose est vrai) -> (ex\u00e9cute une action) Else (ex\u00e9cute d&rsquo;autres actions jusqu&rsquo;\u00e0 End if). Par exemple : If Points = 1000 then Print \u00ab\u00a0Le joueur a gagn\u00e9\u00a0\u00bb else Print \u00ab\u00a0Malheureusement perdu\u00a0\u00bb.<\/p><p>Remarque : Else n&rsquo;est pas obligatoire.<\/p>\t\t\t\t\t\t\t\t<\/div>\n\t\t\t\t<\/div>\n\t\t\t\t<div class=\"elementor-element elementor-element-aba14be elementor-widget elementor-widget-code-highlight\" data-id=\"aba14be\" data-element_type=\"widget\" data-e-type=\"widget\" data-widget_type=\"code-highlight.default\">\n\t\t\t\t<div class=\"elementor-widget-container\">\n\t\t\t\t\t\t\t<div class=\"prismjs-tomorrow copy-to-clipboard \">\n\t\t\t<pre data-line=\"\" class=\"highlight-height language-javascript \">\n\t\t\t\t<code readonly=\"true\" class=\"language-javascript\">\n\t\t\t\t\t<xmp>If Upper$( REPONSE1$ ) = \"N\"<\/xmp>\n\t\t\t\t<\/code>\n\t\t\t<\/pre>\n\t\t<\/div>\n\t\t\t\t\t\t<\/div>\n\t\t\t\t<\/div>\n\t\t\t\t<div class=\"elementor-element elementor-element-734f295 elementor-widget elementor-widget-text-editor\" data-id=\"734f295\" data-element_type=\"widget\" data-e-type=\"widget\" data-widget_type=\"text-editor.default\">\n\t\t\t\t<div class=\"elementor-widget-container\">\n\t\t\t\t\t\t\t\t\t<p>La fonction Upper$ convertit la variable Answer1$ en majuscules, car nous ne pouvons pas savoir si<br \/>l&rsquo;utilisateur saisira des lettres majuscules ou minuscules. Ainsi, si la r\u00e9ponse est n ou N, elle sera imprim\u00e9e<\/p>\t\t\t\t\t\t\t\t<\/div>\n\t\t\t\t<\/div>\n\t\t\t\t<div class=\"elementor-element elementor-element-f935af3 elementor-widget elementor-widget-code-highlight\" data-id=\"f935af3\" data-element_type=\"widget\" data-e-type=\"widget\" data-widget_type=\"code-highlight.default\">\n\t\t\t\t<div class=\"elementor-widget-container\">\n\t\t\t\t\t\t\t<div class=\"prismjs-tomorrow copy-to-clipboard \">\n\t\t\t<pre data-line=\"\" class=\"highlight-height language-javascript \">\n\t\t\t\t<code readonly=\"true\" class=\"language-javascript\">\n\t\t\t\t\t<xmp>Print \"Oui 95 est un nombre, c'est un entier ou un nombre entier\" : Inc POINTS\nElse\nPrint \"Pas correct, 95 est un nombre entier\"\nEnd If\nPrint\nPrint \"Question 2 sur 4\" : Input \"La variable >Nom< peut-elle \u00eatre utilis\u00e9e pour enregistrer ton nom ? O ou N\" ; REPONSE2$\nIf Upper$( REPONSE2$) = \"N\"\nPrint \"Correct. Il n'y a pas de signe $ \u00e0 la fin. Cela signifie qu'elle est destin\u00e9e \u00e0 stocker des nombres, et non des cha\u00eenes\" : Inc POINTS\nElse\nPrint \"C est faux. Ce type de variable est pour le texte\"\nEnd if\nPrint\nPrint \"Question 3 sur 4\" : Input \"Montrez-moi les symboles utilis\u00e9s pour que l'ordinateur ignore les commandes du programme\" ; REPONSE3$\nIf REPONSE3$ = \"\/\/\" Or REPONSE3$ = \"'\"\nPrint \"Tu comprends !\": Inc POINTS\nElse\nPrint \"D\u00e9sol\u00e9, malheureusement faux. La double barre oblique (slash) (\/\/) ou l'apostrophe (') est utilis\u00e9e pour les commentaires dans le programme\"\nEnd If\nPrint\nPrint \"Question 4 sur 4\" : Input \"La variable >Fromage< peut-elle \u00eatre utilis\u00e9e pour enregistrer du texte ? O ou N\" ; REPONSE4$\nIf Upper$( REPONSE4$) = \"N\"\nPrint \"Bien jou\u00e9 ! Cette variable est destin\u00e9e \u00e0 stocker des nombres (entiers)\" : Inc POINTS\nElse\nPrint \"A\u00efe ! Les mots sont stock\u00e9s dans des variables de type cha\u00eene de caract\u00e8res avec le signe du dollar au d\u00e9but et \u00e0 la fin\"\nEnd If\nPrint\nPrint \"Appuie sur une touche pour ton r\u00e9sultat...\"\nwait key\nCls<\/xmp>\n\t\t\t\t<\/code>\n\t\t\t<\/pre>\n\t\t<\/div>\n\t\t\t\t\t\t<\/div>\n\t\t\t\t<\/div>\n\t\t\t\t<div class=\"elementor-element elementor-element-eb7b1d7 elementor-widget elementor-widget-text-editor\" data-id=\"eb7b1d7\" data-element_type=\"widget\" data-e-type=\"widget\" data-widget_type=\"text-editor.default\">\n\t\t\t\t<div class=\"elementor-widget-container\">\n\t\t\t\t\t\t\t\t\t<p>Wait key attend simplement qu&rsquo;une touche soit enfonc\u00e9e<\/p><p>Cls tu connais, l&rsquo;\u00e9cran est effac\u00e9<\/p>\t\t\t\t\t\t\t\t<\/div>\n\t\t\t\t<\/div>\n\t\t\t\t<div class=\"elementor-element elementor-element-811a3ca elementor-widget elementor-widget-code-highlight\" data-id=\"811a3ca\" data-element_type=\"widget\" data-e-type=\"widget\" data-widget_type=\"code-highlight.default\">\n\t\t\t\t<div class=\"elementor-widget-container\">\n\t\t\t\t\t\t\t<div class=\"prismjs-tomorrow copy-to-clipboard \">\n\t\t\t<pre data-line=\"\" class=\"highlight-height language-javascript \">\n\t\t\t\t<code readonly=\"true\" class=\"language-javascript\">\n\t\t\t\t\t<xmp>Print\n\nIf POINTS= 4 then Print\" F\u00c9LICITATIONS !\"\nPrint \" Tu as \" + Str$( POINTS) + \" de 4\"<\/xmp>\n\t\t\t\t<\/code>\n\t\t\t<\/pre>\n\t\t<\/div>\n\t\t\t\t\t\t<\/div>\n\t\t\t\t<\/div>\n\t\t\t\t<div class=\"elementor-element elementor-element-d941def elementor-widget elementor-widget-text-editor\" data-id=\"d941def\" data-element_type=\"widget\" data-e-type=\"widget\" data-widget_type=\"text-editor.default\">\n\t\t\t\t<div class=\"elementor-widget-container\">\n\t\t\t\t\t\t\t\t\t<p>**Clique sur le bouton \u00ab\u00a0Run in Browser\u00a0\u00bb ou F1 pour lancer le programme dans le navigateur ou sur \u00ab\u00a0Run in AOZ Viewer\u00a0\u00bb (F2) pour le lancer dans l&rsquo;\u00e9diteur.<\/p><p>Remarque : il n&rsquo;y a pas de Else ou End If pour ce simple If<\/p>\t\t\t\t\t\t\t\t<\/div>\n\t\t\t\t<\/div>\n\t\t\t\t<div class=\"elementor-element elementor-element-0dd7cac elementor-widget elementor-widget-text-editor\" data-id=\"0dd7cac\" data-element_type=\"widget\" data-e-type=\"widget\" data-widget_type=\"text-editor.default\">\n\t\t\t\t<div class=\"elementor-widget-container\">\n\t\t\t\t\t\t\t\t\t<p><em>Tu es maintenant pr\u00eat pour le&#8230;..important <a href=\"https:\/\/rayshell.de\/fr\/lecon-3\/\"><strong>Le\u00e7on 3<\/strong><\/a> . F\u00e9licitations !<\/em><\/p>\t\t\t\t\t\t\t\t<\/div>\n\t\t\t\t<\/div>\n\t\t\t\t<div class=\"elementor-element elementor-element-f377676 elementor-widget elementor-widget-text-editor\" data-id=\"f377676\" data-element_type=\"widget\" data-e-type=\"widget\" data-widget_type=\"text-editor.default\">\n\t\t\t\t<div class=\"elementor-widget-container\">\n\t\t\t\t\t\t\t\t\t<p>Mis \u00e0 jour le 23.07.2023<br \/>Test\u00e9 avec AOZ Studio\u2122 version 1.0 mise \u00e0 jour 44 le 23\/07\/2023<\/p>\t\t\t\t\t\t\t\t<\/div>\n\t\t\t\t<\/div>\n\t\t\t\t\t<\/div>\n\t\t<\/div>\n\t\t\t\t<div class=\"elementor-column elementor-col-33 elementor-top-column elementor-element elementor-element-b1c7a0c\" data-id=\"b1c7a0c\" data-element_type=\"column\" data-e-type=\"column\">\n\t\t\t<div class=\"elementor-widget-wrap\">\n\t\t\t\t\t\t\t<\/div>\n\t\t<\/div>\n\t\t\t\t\t<\/div>\n\t\t<\/section>\n\t\t\t\t<\/div>\n\t\t","protected":false},"excerpt":{"rendered":"<p>Le\u00e7on 2 Bienvenue dans votre AOZ Studio Le\u00e7on 2 \u00a0 \/\/ Apr\u00e8s les deux \/\/, tout sera une note, un rappel ou une explication, mais pas une instruction de programme pour AOZ. Je vais te montrer comment entrer des informations dans ton programme et les afficher \u00e0 l&rsquo;\u00e9cran. Dans l&rsquo;\u00e9diteur, clique sur l&rsquo;ic\u00f4ne papier \u00e0 [&hellip;]<\/p>\n","protected":false},"author":153,"featured_media":0,"parent":0,"menu_order":0,"comment_status":"closed","ping_status":"closed","template":"","meta":{"footnotes":""},"class_list":["post-19958","page","type-page","status-publish","hentry"],"yoast_head":"<!-- This site is optimized with the Yoast SEO plugin v27.4 - https:\/\/yoast.com\/product\/yoast-seo-wordpress\/ -->\n<title>Le\u00e7on 2 - RayShell Computer Department<\/title>\n<meta name=\"robots\" content=\"index, follow, max-snippet:-1, max-image-preview:large, max-video-preview:-1\" \/>\n<link rel=\"canonical\" href=\"https:\/\/rayshell.de\/fr\/lecon-2\/\" \/>\n<meta property=\"og:locale\" content=\"fr_FR\" \/>\n<meta property=\"og:type\" content=\"article\" \/>\n<meta property=\"og:title\" content=\"Le\u00e7on 2 - RayShell Computer Department\" \/>\n<meta property=\"og:description\" content=\"Le\u00e7on 2 Bienvenue dans votre AOZ Studio Le\u00e7on 2 \u00a0 \/\/ Apr\u00e8s les deux \/\/, tout sera une note, un rappel ou une explication, mais pas une instruction de programme pour AOZ. Je vais te montrer comment entrer des informations dans ton programme et les afficher \u00e0 l&rsquo;\u00e9cran. Dans l&rsquo;\u00e9diteur, clique sur l&rsquo;ic\u00f4ne papier \u00e0 [&hellip;]\" \/>\n<meta property=\"og:url\" content=\"https:\/\/rayshell.de\/fr\/lecon-2\/\" \/>\n<meta property=\"og:site_name\" content=\"RayShell Computer Department\" \/>\n<meta property=\"article:modified_time\" content=\"2023-10-25T01:05:04+00:00\" \/>\n<meta name=\"twitter:card\" content=\"summary_large_image\" \/>\n<meta name=\"twitter:label1\" content=\"Dur\u00e9e de lecture estim\u00e9e\" \/>\n\t<meta name=\"twitter:data1\" content=\"3 minutes\" \/>\n<script type=\"application\/ld+json\" class=\"yoast-schema-graph\">{\"@context\":\"https:\\\/\\\/schema.org\",\"@graph\":[{\"@type\":\"WebPage\",\"@id\":\"https:\\\/\\\/rayshell.de\\\/fr\\\/lecon-2\\\/\",\"url\":\"https:\\\/\\\/rayshell.de\\\/fr\\\/lecon-2\\\/\",\"name\":\"Le\u00e7on 2 - RayShell Computer Department\",\"isPartOf\":{\"@id\":\"https:\\\/\\\/rayshell.de\\\/fr\\\/#website\"},\"datePublished\":\"2022-10-25T20:32:37+00:00\",\"dateModified\":\"2023-10-25T01:05:04+00:00\",\"breadcrumb\":{\"@id\":\"https:\\\/\\\/rayshell.de\\\/fr\\\/lecon-2\\\/#breadcrumb\"},\"inLanguage\":\"fr-FR\",\"potentialAction\":[{\"@type\":\"ReadAction\",\"target\":[\"https:\\\/\\\/rayshell.de\\\/fr\\\/lecon-2\\\/\"]}]},{\"@type\":\"BreadcrumbList\",\"@id\":\"https:\\\/\\\/rayshell.de\\\/fr\\\/lecon-2\\\/#breadcrumb\",\"itemListElement\":[{\"@type\":\"ListItem\",\"position\":1,\"name\":\"Home\",\"item\":\"https:\\\/\\\/rayshell.de\\\/fr\\\/\"},{\"@type\":\"ListItem\",\"position\":2,\"name\":\"Le\u00e7on 2\"}]},{\"@type\":\"WebSite\",\"@id\":\"https:\\\/\\\/rayshell.de\\\/fr\\\/#website\",\"url\":\"https:\\\/\\\/rayshell.de\\\/fr\\\/\",\"name\":\"RayShell Computer Department\",\"description\":\"Programmer avec AOZ Studio\u2122, c'est facile. Toute personne \u00e2g\u00e9e de 12 ans et plus peut commencer ici gratuitement.\",\"potentialAction\":[{\"@type\":\"SearchAction\",\"target\":{\"@type\":\"EntryPoint\",\"urlTemplate\":\"https:\\\/\\\/rayshell.de\\\/fr\\\/?s={search_term_string}\"},\"query-input\":{\"@type\":\"PropertyValueSpecification\",\"valueRequired\":true,\"valueName\":\"search_term_string\"}}],\"inLanguage\":\"fr-FR\"}]}<\/script>\n<!-- \/ Yoast SEO plugin. -->","yoast_head_json":{"title":"Le\u00e7on 2 - RayShell Computer Department","robots":{"index":"index","follow":"follow","max-snippet":"max-snippet:-1","max-image-preview":"max-image-preview:large","max-video-preview":"max-video-preview:-1"},"canonical":"https:\/\/rayshell.de\/fr\/lecon-2\/","og_locale":"fr_FR","og_type":"article","og_title":"Le\u00e7on 2 - RayShell Computer Department","og_description":"Le\u00e7on 2 Bienvenue dans votre AOZ Studio Le\u00e7on 2 \u00a0 \/\/ Apr\u00e8s les deux \/\/, tout sera une note, un rappel ou une explication, mais pas une instruction de programme pour AOZ. Je vais te montrer comment entrer des informations dans ton programme et les afficher \u00e0 l&rsquo;\u00e9cran. Dans l&rsquo;\u00e9diteur, clique sur l&rsquo;ic\u00f4ne papier \u00e0 [&hellip;]","og_url":"https:\/\/rayshell.de\/fr\/lecon-2\/","og_site_name":"RayShell Computer Department","article_modified_time":"2023-10-25T01:05:04+00:00","twitter_card":"summary_large_image","twitter_misc":{"Dur\u00e9e de lecture estim\u00e9e":"3 minutes"},"schema":{"@context":"https:\/\/schema.org","@graph":[{"@type":"WebPage","@id":"https:\/\/rayshell.de\/fr\/lecon-2\/","url":"https:\/\/rayshell.de\/fr\/lecon-2\/","name":"Le\u00e7on 2 - RayShell Computer Department","isPartOf":{"@id":"https:\/\/rayshell.de\/fr\/#website"},"datePublished":"2022-10-25T20:32:37+00:00","dateModified":"2023-10-25T01:05:04+00:00","breadcrumb":{"@id":"https:\/\/rayshell.de\/fr\/lecon-2\/#breadcrumb"},"inLanguage":"fr-FR","potentialAction":[{"@type":"ReadAction","target":["https:\/\/rayshell.de\/fr\/lecon-2\/"]}]},{"@type":"BreadcrumbList","@id":"https:\/\/rayshell.de\/fr\/lecon-2\/#breadcrumb","itemListElement":[{"@type":"ListItem","position":1,"name":"Home","item":"https:\/\/rayshell.de\/fr\/"},{"@type":"ListItem","position":2,"name":"Le\u00e7on 2"}]},{"@type":"WebSite","@id":"https:\/\/rayshell.de\/fr\/#website","url":"https:\/\/rayshell.de\/fr\/","name":"RayShell Computer Department","description":"Programmer avec AOZ Studio\u2122, c'est facile. Toute personne \u00e2g\u00e9e de 12 ans et plus peut commencer ici gratuitement.","potentialAction":[{"@type":"SearchAction","target":{"@type":"EntryPoint","urlTemplate":"https:\/\/rayshell.de\/fr\/?s={search_term_string}"},"query-input":{"@type":"PropertyValueSpecification","valueRequired":true,"valueName":"search_term_string"}}],"inLanguage":"fr-FR"}]}},"_links":{"self":[{"href":"https:\/\/rayshell.de\/fr\/wp-json\/wp\/v2\/pages\/19958","targetHints":{"allow":["GET"]}}],"collection":[{"href":"https:\/\/rayshell.de\/fr\/wp-json\/wp\/v2\/pages"}],"about":[{"href":"https:\/\/rayshell.de\/fr\/wp-json\/wp\/v2\/types\/page"}],"author":[{"embeddable":true,"href":"https:\/\/rayshell.de\/fr\/wp-json\/wp\/v2\/users\/153"}],"replies":[{"embeddable":true,"href":"https:\/\/rayshell.de\/fr\/wp-json\/wp\/v2\/comments?post=19958"}],"version-history":[{"count":15,"href":"https:\/\/rayshell.de\/fr\/wp-json\/wp\/v2\/pages\/19958\/revisions"}],"predecessor-version":[{"id":32019,"href":"https:\/\/rayshell.de\/fr\/wp-json\/wp\/v2\/pages\/19958\/revisions\/32019"}],"wp:attachment":[{"href":"https:\/\/rayshell.de\/fr\/wp-json\/wp\/v2\/media?parent=19958"}],"curies":[{"name":"wp","href":"https:\/\/api.w.org\/{rel}","templated":true}]}}