{"id":18925,"date":"2022-10-24T14:30:25","date_gmt":"2022-10-24T12:30:25","guid":{"rendered":"https:\/\/rayshell.de\/?page_id=18925"},"modified":"2024-03-26T00:40:44","modified_gmt":"2024-03-25T23:40:44","slug":"installation-du-studio-aoz","status":"publish","type":"page","link":"https:\/\/rayshell.de\/fr\/installation-du-studio-aoz\/","title":{"rendered":"Installation d&rsquo;AOZ Studio\u2122"},"content":{"rendered":"\t\t<div data-elementor-type=\"wp-page\" data-elementor-id=\"18925\" class=\"elementor elementor-18925 elementor-19071\" data-elementor-post-type=\"page\">\n\t\t\t\t\t\t<section class=\"elementor-section elementor-top-section elementor-element elementor-element-208bfd3 elementor-section-boxed elementor-section-height-default elementor-section-height-default\" data-id=\"208bfd3\" data-element_type=\"section\" data-e-type=\"section\" data-settings=\"{&quot;background_background&quot;:&quot;classic&quot;}\">\n\t\t\t\t\t\t<div class=\"elementor-container elementor-column-gap-default\">\n\t\t\t\t\t<div class=\"elementor-column elementor-col-100 elementor-top-column elementor-element elementor-element-ab95a60\" data-id=\"ab95a60\" data-element_type=\"column\" data-e-type=\"column\">\n\t\t\t<div class=\"elementor-widget-wrap elementor-element-populated\">\n\t\t\t\t\t\t<section class=\"elementor-section elementor-inner-section elementor-element elementor-element-68c3392 elementor-section-boxed elementor-section-height-default elementor-section-height-default\" data-id=\"68c3392\" data-element_type=\"section\" data-e-type=\"section\">\n\t\t\t\t\t\t<div class=\"elementor-container elementor-column-gap-default\">\n\t\t\t\t\t<div class=\"elementor-column elementor-col-33 elementor-inner-column elementor-element elementor-element-85e33ad\" data-id=\"85e33ad\" data-element_type=\"column\" data-e-type=\"column\">\n\t\t\t<div class=\"elementor-widget-wrap\">\n\t\t\t\t\t\t\t<\/div>\n\t\t<\/div>\n\t\t\t\t<div class=\"elementor-column elementor-col-33 elementor-inner-column elementor-element elementor-element-34f1083\" data-id=\"34f1083\" data-element_type=\"column\" data-e-type=\"column\">\n\t\t\t<div class=\"elementor-widget-wrap elementor-element-populated\">\n\t\t\t\t\t\t<div class=\"elementor-element elementor-element-3957cb1 elementor-widget elementor-widget-heading\" data-id=\"3957cb1\" data-element_type=\"widget\" data-e-type=\"widget\" data-widget_type=\"heading.default\">\n\t\t\t\t<div class=\"elementor-widget-container\">\n\t\t\t\t\t<h3 class=\"elementor-heading-title elementor-size-default\">Installation d'AOZ Studio<br><br><\/h3>\t\t\t\t<\/div>\n\t\t\t\t<\/div>\n\t\t\t\t<div class=\"elementor-element elementor-element-89848f9 elementor-align-left elementor-widget elementor-widget-button\" data-id=\"89848f9\" data-element_type=\"widget\" data-e-type=\"widget\" data-widget_type=\"button.default\">\n\t\t\t\t<div class=\"elementor-widget-container\">\n\t\t\t\t\t\t\t\t\t<div class=\"elementor-button-wrapper\">\n\t\t\t\t\t<a class=\"elementor-button elementor-button-link elementor-size-sm\" href=\"https:\/\/download.aoz.studio\/\" target=\"_blank\">\n\t\t\t\t\t\t<span class=\"elementor-button-content-wrapper\">\n\t\t\t\t\t\t\t\t\t<span class=\"elementor-button-text\">T\u00e9l\u00e9charger AOZ Studio\u2122 Free Version<\/span>\n\t\t\t\t\t<\/span>\n\t\t\t\t\t<\/a>\n\t\t\t\t<\/div>\n\t\t\t\t\t\t\t\t<\/div>\n\t\t\t\t<\/div>\n\t\t\t\t<div class=\"elementor-element elementor-element-6648984 elementor-align-left elementor-widget elementor-widget-button\" data-id=\"6648984\" data-element_type=\"widget\" data-e-type=\"widget\" data-widget_type=\"button.default\">\n\t\t\t\t<div class=\"elementor-widget-container\">\n\t\t\t\t\t\t\t\t\t<div class=\"elementor-button-wrapper\">\n\t\t\t\t\t<a class=\"elementor-button elementor-button-link elementor-size-sm\" href=\"https:\/\/www.aoz.studio\/price\" target=\"_blank\">\n\t\t\t\t\t\t<span class=\"elementor-button-content-wrapper\">\n\t\t\t\t\t\t\t\t\t<span class=\"elementor-button-text\">Toutes les versions d'AOZ Studio\u2122<\/span>\n\t\t\t\t\t<\/span>\n\t\t\t\t\t<\/a>\n\t\t\t\t<\/div>\n\t\t\t\t\t\t\t\t<\/div>\n\t\t\t\t<\/div>\n\t\t\t\t<div class=\"elementor-element elementor-element-5eab0ac elementor-widget elementor-widget-heading\" data-id=\"5eab0ac\" data-element_type=\"widget\" data-e-type=\"widget\" data-widget_type=\"heading.default\">\n\t\t\t\t<div class=\"elementor-widget-container\">\n\t\t\t\t\t<h4 class=\"elementor-heading-title elementor-size-default\">Bienvenue sur RayShell.de<\/h4>\t\t\t\t<\/div>\n\t\t\t\t<\/div>\n\t\t\t\t<div class=\"elementor-element elementor-element-d211b06 elementor-widget elementor-widget-text-editor\" data-id=\"d211b06\" data-element_type=\"widget\" data-e-type=\"widget\" data-widget_type=\"text-editor.default\">\n\t\t\t\t<div class=\"elementor-widget-container\">\n\t\t\t\t\t\t\t\t\t<p>Merci de votre int\u00e9r\u00eat et de coder avec nous. Ce guide d&rsquo;installation est accessible \u00e0 tout moment sur la page des le\u00e7ons. Amusez-vous et r\u00e9ussissez \u00e0 coder avec AOZ Studio\u2122. AOZ Studio\u2122 dispose \u00e0 ce jour de plus de 1400 commandes et fonctions \u00e0 explorer et RayShell Computer Department y contribue.<\/p>\t\t\t\t\t\t\t\t<\/div>\n\t\t\t\t<\/div>\n\t\t\t\t<div class=\"elementor-element elementor-element-10b7490 elementor-widget elementor-widget-heading\" data-id=\"10b7490\" data-element_type=\"widget\" data-e-type=\"widget\" data-widget_type=\"heading.default\">\n\t\t\t\t<div class=\"elementor-widget-container\">\n\t\t\t\t\t<h4 class=\"elementor-heading-title elementor-size-default\">Installation d'AOZ Studio\u2122<\/h4>\t\t\t\t<\/div>\n\t\t\t\t<\/div>\n\t\t\t\t<div class=\"elementor-element elementor-element-2fda205 elementor-widget elementor-widget-text-editor\" data-id=\"2fda205\" data-element_type=\"widget\" data-e-type=\"widget\" data-widget_type=\"text-editor.default\">\n\t\t\t\t<div class=\"elementor-widget-container\">\n\t\t\t\t\t\t\t\t\t<p>Pour r\u00e9aliser les exercices propos\u00e9s ici, vous devez d&rsquo;abord t\u00e9l\u00e9charger le programme AOZ Studio\u2122 sur Internet et l&rsquo;installer sur votre PC Windows, Mac ou Linux. Si tu n&rsquo;as jamais fait cela auparavant, demande \u00e0 tes parents ou \u00e0 un ami de t&rsquo;aider. C&rsquo;est facile et rapide avec mes instructions.<\/p>\t\t\t\t\t\t\t\t<\/div>\n\t\t\t\t<\/div>\n\t\t\t\t<div class=\"elementor-element elementor-element-8758027 elementor-widget elementor-widget-heading\" data-id=\"8758027\" data-element_type=\"widget\" data-e-type=\"widget\" data-widget_type=\"heading.default\">\n\t\t\t\t<div class=\"elementor-widget-container\">\n\t\t\t\t\t<h4 class=\"elementor-heading-title elementor-size-default\">T\u00e9l\u00e9charger, installer et utiliser AOZ Studio\u2122<\/h4>\t\t\t\t<\/div>\n\t\t\t\t<\/div>\n\t\t\t\t<div class=\"elementor-element elementor-element-8fdc25a elementor-widget elementor-widget-text-editor\" data-id=\"8fdc25a\" data-element_type=\"widget\" data-e-type=\"widget\" data-widget_type=\"text-editor.default\">\n\t\t\t\t<div class=\"elementor-widget-container\">\n\t\t\t\t\t\t\t\t\t<p>Des versions pour Windows et Mac sont actuellement disponibles au t\u00e9l\u00e9chargement sur le site d&rsquo;AOZ Studio\u2122. Sur la page de t\u00e9l\u00e9chargement gratuit d&rsquo;AOZ Studio\u2122, choisir la version Windows ou Mac OS\u2122 (Installer ou Zip pour Windows). Puis cliquer sur AOZ Studio\u2122 pour Microsoft Windows\u2122 ou sur AOZ Studio\u2122 pour Mac OS\u2122 pour d\u00e9marrer le t\u00e9l\u00e9chargement.<\/p>\t\t\t\t\t\t\t\t<\/div>\n\t\t\t\t<\/div>\n\t\t\t\t<div class=\"elementor-element elementor-element-5b5ca0d animated-slow elementor-alert-info elementor-widget elementor-widget-alert\" data-id=\"5b5ca0d\" data-element_type=\"widget\" data-e-type=\"widget\" data-settings=\"{&quot;_animation&quot;:&quot;none&quot;}\" data-widget_type=\"alert.default\">\n\t\t\t\t<div class=\"elementor-widget-container\">\n\t\t\t\t\t\t\t<div class=\"elementor-alert\" role=\"alert\">\n\n\t\t\t\t\t\t<span class=\"elementor-alert-title\">AOZ Studio\u2122 V1.0 Update 44<\/span>\n\t\t\t\n\t\t\t\t\t\t<span class=\"elementor-alert-description\">AOZ Studio\u2122 V1.0 Update 44 a \u00e9t\u00e9 publi\u00e9 le 25 mai 2023. Le nouveau guide d'installation d\u00e9taill\u00e9 est en cours de r\u00e9daction et sera bient\u00f4t disponible ici. T\u00e9l\u00e9chargez la version gratuite et installez-la avec des droits d'administrateur ou choisissez la version zip. La version ZIP est recommand\u00e9e pour les enseignants et les \u00e9l\u00e8ves qui souhaitent installer AOZ Studio sur leur ordinateur s\u00e9curis\u00e9 sans droits d'administrateur. Pour d\u00e9marrer la version zip de AOZ Studio\u2122, aller dans le dossier \/bin et cliquer sur \"aozstudio\" et AOZ d\u00e9marre. Pour travailler de mani\u00e8re fluide, je recommande d'installer AOZ Studio\u2122 normalement. <\/span>\n\t\t\t\n\t\t\t\n\t\t<\/div>\n\t\t\t\t\t\t<\/div>\n\t\t\t\t<\/div>\n\t\t\t\t<div class=\"elementor-element elementor-element-4b5ddfa elementor-widget elementor-widget-image\" data-id=\"4b5ddfa\" data-element_type=\"widget\" data-e-type=\"widget\" data-widget_type=\"image.default\">\n\t\t\t\t<div class=\"elementor-widget-container\">\n\t\t\t\t\t\t\t\t\t\t\t\t<figure class=\"wp-caption\">\n\t\t\t\t\t\t\t\t\t\t<img fetchpriority=\"high\" decoding=\"async\" width=\"640\" height=\"318\" src=\"https:\/\/rayshell.de\/wp-content\/uploads\/2024\/03\/AOZ_BIN-1.png\" class=\"attachment-large size-large wp-image-34312\" alt=\"\" srcset=\"https:\/\/rayshell.de\/wp-content\/uploads\/2024\/03\/AOZ_BIN-1.png 667w, https:\/\/rayshell.de\/wp-content\/uploads\/2024\/03\/AOZ_BIN-1-300x149.png 300w\" sizes=\"(max-width: 640px) 100vw, 640px\" \/>\t\t\t\t\t\t\t\t\t\t\t<figcaption class=\"widget-image-caption wp-caption-text\">Comment d\u00e9marrer la version portable Zip d'AOZ Studio\u2122 ?<\/figcaption>\n\t\t\t\t\t\t\t\t\t\t<\/figure>\n\t\t\t\t\t\t\t\t\t<\/div>\n\t\t\t\t<\/div>\n\t\t\t\t<div class=\"elementor-element elementor-element-aeb4a3c elementor-widget elementor-widget-image\" data-id=\"aeb4a3c\" data-element_type=\"widget\" data-e-type=\"widget\" data-widget_type=\"image.default\">\n\t\t\t\t<div class=\"elementor-widget-container\">\n\t\t\t\t\t\t\t\t\t\t\t\t\t\t\t<img decoding=\"async\" width=\"640\" height=\"360\" src=\"https:\/\/rayshell.de\/wp-content\/uploads\/2023\/02\/download_V1_0-1-1024x576.png\" class=\"attachment-large size-large wp-image-26283\" alt=\"\" srcset=\"https:\/\/rayshell.de\/wp-content\/uploads\/2023\/02\/download_V1_0-1-1024x576.png 1024w, https:\/\/rayshell.de\/wp-content\/uploads\/2023\/02\/download_V1_0-1-300x169.png 300w, https:\/\/rayshell.de\/wp-content\/uploads\/2023\/02\/download_V1_0-1-768x432.png 768w, https:\/\/rayshell.de\/wp-content\/uploads\/2023\/02\/download_V1_0-1-1536x864.png 1536w, https:\/\/rayshell.de\/wp-content\/uploads\/2023\/02\/download_V1_0-1.png 1920w\" sizes=\"(max-width: 640px) 100vw, 640px\" \/>\t\t\t\t\t\t\t\t\t\t\t\t\t\t\t<\/div>\n\t\t\t\t<\/div>\n\t\t\t\t<div class=\"elementor-element elementor-element-00e57dc elementor-widget elementor-widget-text-editor\" data-id=\"00e57dc\" data-element_type=\"widget\" data-e-type=\"widget\" data-widget_type=\"text-editor.default\">\n\t\t\t\t<div class=\"elementor-widget-container\">\n\t\t\t\t\t\t\t\t\t<p>Si l&rsquo;installation est termin\u00e9e avec succ\u00e8s, AOZ Studio\u2122 peut maintenant \u00eatre lanc\u00e9 en cliquant sur l&rsquo;ic\u00f4ne.<\/p><p>La bo\u00eete de dialogue Nouveau projet s&rsquo;ouvre apr\u00e8s le d\u00e9marrage de AOZ Studio\u2122.<\/p>\t\t\t\t\t\t\t\t<\/div>\n\t\t\t\t<\/div>\n\t\t\t\t<div class=\"elementor-element elementor-element-4a72a5c elementor-widget elementor-widget-text-editor\" data-id=\"4a72a5c\" data-element_type=\"widget\" data-e-type=\"widget\" data-widget_type=\"text-editor.default\">\n\t\t\t\t<div class=\"elementor-widget-container\">\n\t\t\t\t\t\t\t\t\t<p>Cliquez sur Annuler dans la bo\u00eete de dialogue Nouveau projet AOZ si vous ne souhaitez pas cr\u00e9er un nouveau projet maintenant.<\/p>\t\t\t\t\t\t\t\t<\/div>\n\t\t\t\t<\/div>\n\t\t\t\t<div class=\"elementor-element elementor-element-36c8f5e elementor-widget elementor-widget-text-editor\" data-id=\"36c8f5e\" data-element_type=\"widget\" data-e-type=\"widget\" data-widget_type=\"text-editor.default\">\n\t\t\t\t<div class=\"elementor-widget-container\">\n\t\t\t\t\t\t\t\t\t<p>Lorsque le texte <strong>Print \u201cHello World !\u201c \/\/ Click on Run<\/strong> le programme AOZ est entr\u00e9. Cette fen\u00eatre est appel\u00e9e l&rsquo;\u00e9diteur. AOZ Studio enregistre automatiquement tout ce qui est modifi\u00e9. Effacez cette ligne pour entrer dans votre programme.<\/p>\t\t\t\t\t\t\t\t<\/div>\n\t\t\t\t<\/div>\n\t\t\t\t<div class=\"elementor-element elementor-element-111fe93 elementor-widget elementor-widget-text-editor\" data-id=\"111fe93\" data-element_type=\"widget\" data-e-type=\"widget\" data-widget_type=\"text-editor.default\">\n\t\t\t\t<div class=\"elementor-widget-container\">\n\t\t\t\t\t\t\t\t\t<p>L&rsquo;Atom Ide (Integrated Development Environment) utilis\u00e9 par AOZ Studio\u2122 est un \u00e9diteur professionnel pour de nombreux langages de programmation. On s&rsquo;habitue rapidement aux noms anglais des boutons de AOZ Studio\u2122 pour cr\u00e9er un nouveau projet ou pour lancer un programme AOZ. Il suffit de laisser le pointeur de la souris sur un bouton de la barre sup\u00e9rieure pour que la fonction apparaisse.<\/p>\t\t\t\t\t\t\t\t<\/div>\n\t\t\t\t<\/div>\n\t\t\t\t<div class=\"elementor-element elementor-element-d4f4cec animated-slow elementor-alert-info elementor-widget elementor-widget-alert\" data-id=\"d4f4cec\" data-element_type=\"widget\" data-e-type=\"widget\" data-settings=\"{&quot;_animation&quot;:&quot;none&quot;}\" data-widget_type=\"alert.default\">\n\t\t\t\t<div class=\"elementor-widget-container\">\n\t\t\t\t\t\t\t<div class=\"elementor-alert\" role=\"alert\">\n\n\t\t\t\t\t\t<span class=\"elementor-alert-title\">Le nouveau guide d'installation d\u00e9taill\u00e9 est en cours d'\u00e9laboration et sera bient\u00f4t disponible ici.<\/span>\n\t\t\t\n\t\t\t\t\t\t<span class=\"elementor-alert-description\">Bienvenue chez AOZ Studio\u2122 et RayShell.de. Nous vous souhaitons un joyeux codage.<\/span>\n\t\t\t\n\t\t\t\n\t\t<\/div>\n\t\t\t\t\t\t<\/div>\n\t\t\t\t<\/div>\n\t\t\t\t<div class=\"elementor-element elementor-element-13d7796 elementor-widget elementor-widget-text-editor\" data-id=\"13d7796\" data-element_type=\"widget\" data-e-type=\"widget\" data-widget_type=\"text-editor.default\">\n\t\t\t\t<div class=\"elementor-widget-container\">\n\t\t\t\t\t\t\t\t\t<p>Vous \u00eates maintenant pr\u00eat \u00e0 commencer la <a href=\"https:\/\/rayshell.de\/fr\/lecon-1\/\"><strong>le\u00e7on 1<\/strong><\/a>. Amusez-vous bien \ud83d\ude42 Les 6 le\u00e7ons sont \u00e9galement accessibles via le menu sous Le\u00e7ons.<\/p>\t\t\t\t\t\t\t\t<\/div>\n\t\t\t\t<\/div>\n\t\t\t\t<div class=\"elementor-element elementor-element-f08003f elementor-widget elementor-widget-text-editor\" data-id=\"f08003f\" data-element_type=\"widget\" data-e-type=\"widget\" data-widget_type=\"text-editor.default\">\n\t\t\t\t<div class=\"elementor-widget-container\">\n\t\t\t\t\t\t\t\t\t<p>Page mise \u00e0 jour le 26.03.2024<\/p>\t\t\t\t\t\t\t\t<\/div>\n\t\t\t\t<\/div>\n\t\t\t\t\t<\/div>\n\t\t<\/div>\n\t\t\t\t<div class=\"elementor-column elementor-col-33 elementor-inner-column elementor-element elementor-element-23baff7\" data-id=\"23baff7\" data-element_type=\"column\" data-e-type=\"column\">\n\t\t\t<div class=\"elementor-widget-wrap\">\n\t\t\t\t\t\t\t<\/div>\n\t\t<\/div>\n\t\t\t\t\t<\/div>\n\t\t<\/section>\n\t\t\t\t\t<\/div>\n\t\t<\/div>\n\t\t\t\t\t<\/div>\n\t\t<\/section>\n\t\t\t\t<\/div>\n\t\t","protected":false},"excerpt":{"rendered":"<p>Installation d&rsquo;AOZ Studio T\u00e9l\u00e9charger AOZ Studio\u2122 Free Version Toutes les versions d&rsquo;AOZ Studio\u2122 Bienvenue sur RayShell.de Merci de votre int\u00e9r\u00eat et de coder avec nous. Ce guide d&rsquo;installation est accessible \u00e0 tout moment sur la page des le\u00e7ons. Amusez-vous et r\u00e9ussissez \u00e0 coder avec AOZ Studio\u2122. AOZ Studio\u2122 dispose \u00e0 ce jour de plus de [&hellip;]<\/p>\n","protected":false},"author":153,"featured_media":0,"parent":0,"menu_order":0,"comment_status":"closed","ping_status":"closed","template":"","meta":{"footnotes":""},"class_list":["post-18925","page","type-page","status-publish","hentry"],"yoast_head":"<!-- This site is optimized with the Yoast SEO plugin v27.4 - https:\/\/yoast.com\/product\/yoast-seo-wordpress\/ -->\n<title>Installation d&#039;AOZ Studio\u2122 - RayShell Computer Department<\/title>\n<meta name=\"robots\" content=\"index, follow, max-snippet:-1, max-image-preview:large, max-video-preview:-1\" \/>\n<link rel=\"canonical\" href=\"https:\/\/rayshell.de\/fr\/installation-du-studio-aoz\/\" \/>\n<meta property=\"og:locale\" content=\"fr_FR\" \/>\n<meta property=\"og:type\" content=\"article\" \/>\n<meta property=\"og:title\" content=\"Installation d&#039;AOZ Studio\u2122 - RayShell Computer Department\" \/>\n<meta property=\"og:description\" content=\"Installation d&rsquo;AOZ Studio T\u00e9l\u00e9charger AOZ Studio\u2122 Free Version Toutes les versions d&rsquo;AOZ Studio\u2122 Bienvenue sur RayShell.de Merci de votre int\u00e9r\u00eat et de coder avec nous. Ce guide d&rsquo;installation est accessible \u00e0 tout moment sur la page des le\u00e7ons. Amusez-vous et r\u00e9ussissez \u00e0 coder avec AOZ Studio\u2122. AOZ Studio\u2122 dispose \u00e0 ce jour de plus de [&hellip;]\" \/>\n<meta property=\"og:url\" content=\"https:\/\/rayshell.de\/fr\/installation-du-studio-aoz\/\" \/>\n<meta property=\"og:site_name\" content=\"RayShell Computer Department\" \/>\n<meta property=\"article:modified_time\" content=\"2024-03-25T23:40:44+00:00\" \/>\n<meta property=\"og:image\" content=\"https:\/\/rayshell.de\/wp-content\/uploads\/2024\/03\/AOZ_BIN-1.png\" \/>\n<meta name=\"twitter:card\" content=\"summary_large_image\" \/>\n<meta name=\"twitter:label1\" content=\"Dur\u00e9e de lecture estim\u00e9e\" \/>\n\t<meta name=\"twitter:data1\" content=\"3 minutes\" \/>\n<script type=\"application\/ld+json\" class=\"yoast-schema-graph\">{\"@context\":\"https:\\\/\\\/schema.org\",\"@graph\":[{\"@type\":\"WebPage\",\"@id\":\"https:\\\/\\\/rayshell.de\\\/fr\\\/installation-du-studio-aoz\\\/\",\"url\":\"https:\\\/\\\/rayshell.de\\\/fr\\\/installation-du-studio-aoz\\\/\",\"name\":\"Installation d'AOZ Studio\u2122 - RayShell Computer Department\",\"isPartOf\":{\"@id\":\"https:\\\/\\\/rayshell.de\\\/fr\\\/#website\"},\"primaryImageOfPage\":{\"@id\":\"https:\\\/\\\/rayshell.de\\\/fr\\\/installation-du-studio-aoz\\\/#primaryimage\"},\"image\":{\"@id\":\"https:\\\/\\\/rayshell.de\\\/fr\\\/installation-du-studio-aoz\\\/#primaryimage\"},\"thumbnailUrl\":\"https:\\\/\\\/rayshell.de\\\/wp-content\\\/uploads\\\/2024\\\/03\\\/AOZ_BIN-1.png\",\"datePublished\":\"2022-10-24T12:30:25+00:00\",\"dateModified\":\"2024-03-25T23:40:44+00:00\",\"breadcrumb\":{\"@id\":\"https:\\\/\\\/rayshell.de\\\/fr\\\/installation-du-studio-aoz\\\/#breadcrumb\"},\"inLanguage\":\"fr-FR\",\"potentialAction\":[{\"@type\":\"ReadAction\",\"target\":[\"https:\\\/\\\/rayshell.de\\\/fr\\\/installation-du-studio-aoz\\\/\"]}]},{\"@type\":\"ImageObject\",\"inLanguage\":\"fr-FR\",\"@id\":\"https:\\\/\\\/rayshell.de\\\/fr\\\/installation-du-studio-aoz\\\/#primaryimage\",\"url\":\"https:\\\/\\\/rayshell.de\\\/wp-content\\\/uploads\\\/2024\\\/03\\\/AOZ_BIN-1.png\",\"contentUrl\":\"https:\\\/\\\/rayshell.de\\\/wp-content\\\/uploads\\\/2024\\\/03\\\/AOZ_BIN-1.png\"},{\"@type\":\"BreadcrumbList\",\"@id\":\"https:\\\/\\\/rayshell.de\\\/fr\\\/installation-du-studio-aoz\\\/#breadcrumb\",\"itemListElement\":[{\"@type\":\"ListItem\",\"position\":1,\"name\":\"Home\",\"item\":\"https:\\\/\\\/rayshell.de\\\/fr\\\/\"},{\"@type\":\"ListItem\",\"position\":2,\"name\":\"Installation d&#8217;AOZ Studio\u2122\"}]},{\"@type\":\"WebSite\",\"@id\":\"https:\\\/\\\/rayshell.de\\\/fr\\\/#website\",\"url\":\"https:\\\/\\\/rayshell.de\\\/fr\\\/\",\"name\":\"RayShell Computer Department\",\"description\":\"Programmer avec AOZ Studio\u2122, c'est facile. Toute personne \u00e2g\u00e9e de 12 ans et plus peut commencer ici gratuitement.\",\"potentialAction\":[{\"@type\":\"SearchAction\",\"target\":{\"@type\":\"EntryPoint\",\"urlTemplate\":\"https:\\\/\\\/rayshell.de\\\/fr\\\/?s={search_term_string}\"},\"query-input\":{\"@type\":\"PropertyValueSpecification\",\"valueRequired\":true,\"valueName\":\"search_term_string\"}}],\"inLanguage\":\"fr-FR\"}]}<\/script>\n<!-- \/ Yoast SEO plugin. -->","yoast_head_json":{"title":"Installation d'AOZ Studio\u2122 - RayShell Computer Department","robots":{"index":"index","follow":"follow","max-snippet":"max-snippet:-1","max-image-preview":"max-image-preview:large","max-video-preview":"max-video-preview:-1"},"canonical":"https:\/\/rayshell.de\/fr\/installation-du-studio-aoz\/","og_locale":"fr_FR","og_type":"article","og_title":"Installation d'AOZ Studio\u2122 - RayShell Computer Department","og_description":"Installation d&rsquo;AOZ Studio T\u00e9l\u00e9charger AOZ Studio\u2122 Free Version Toutes les versions d&rsquo;AOZ Studio\u2122 Bienvenue sur RayShell.de Merci de votre int\u00e9r\u00eat et de coder avec nous. Ce guide d&rsquo;installation est accessible \u00e0 tout moment sur la page des le\u00e7ons. Amusez-vous et r\u00e9ussissez \u00e0 coder avec AOZ Studio\u2122. AOZ Studio\u2122 dispose \u00e0 ce jour de plus de [&hellip;]","og_url":"https:\/\/rayshell.de\/fr\/installation-du-studio-aoz\/","og_site_name":"RayShell Computer Department","article_modified_time":"2024-03-25T23:40:44+00:00","og_image":[{"url":"https:\/\/rayshell.de\/wp-content\/uploads\/2024\/03\/AOZ_BIN-1.png","type":"","width":"","height":""}],"twitter_card":"summary_large_image","twitter_misc":{"Dur\u00e9e de lecture estim\u00e9e":"3 minutes"},"schema":{"@context":"https:\/\/schema.org","@graph":[{"@type":"WebPage","@id":"https:\/\/rayshell.de\/fr\/installation-du-studio-aoz\/","url":"https:\/\/rayshell.de\/fr\/installation-du-studio-aoz\/","name":"Installation d'AOZ Studio\u2122 - RayShell Computer Department","isPartOf":{"@id":"https:\/\/rayshell.de\/fr\/#website"},"primaryImageOfPage":{"@id":"https:\/\/rayshell.de\/fr\/installation-du-studio-aoz\/#primaryimage"},"image":{"@id":"https:\/\/rayshell.de\/fr\/installation-du-studio-aoz\/#primaryimage"},"thumbnailUrl":"https:\/\/rayshell.de\/wp-content\/uploads\/2024\/03\/AOZ_BIN-1.png","datePublished":"2022-10-24T12:30:25+00:00","dateModified":"2024-03-25T23:40:44+00:00","breadcrumb":{"@id":"https:\/\/rayshell.de\/fr\/installation-du-studio-aoz\/#breadcrumb"},"inLanguage":"fr-FR","potentialAction":[{"@type":"ReadAction","target":["https:\/\/rayshell.de\/fr\/installation-du-studio-aoz\/"]}]},{"@type":"ImageObject","inLanguage":"fr-FR","@id":"https:\/\/rayshell.de\/fr\/installation-du-studio-aoz\/#primaryimage","url":"https:\/\/rayshell.de\/wp-content\/uploads\/2024\/03\/AOZ_BIN-1.png","contentUrl":"https:\/\/rayshell.de\/wp-content\/uploads\/2024\/03\/AOZ_BIN-1.png"},{"@type":"BreadcrumbList","@id":"https:\/\/rayshell.de\/fr\/installation-du-studio-aoz\/#breadcrumb","itemListElement":[{"@type":"ListItem","position":1,"name":"Home","item":"https:\/\/rayshell.de\/fr\/"},{"@type":"ListItem","position":2,"name":"Installation d&#8217;AOZ Studio\u2122"}]},{"@type":"WebSite","@id":"https:\/\/rayshell.de\/fr\/#website","url":"https:\/\/rayshell.de\/fr\/","name":"RayShell Computer Department","description":"Programmer avec AOZ Studio\u2122, c'est facile. Toute personne \u00e2g\u00e9e de 12 ans et plus peut commencer ici gratuitement.","potentialAction":[{"@type":"SearchAction","target":{"@type":"EntryPoint","urlTemplate":"https:\/\/rayshell.de\/fr\/?s={search_term_string}"},"query-input":{"@type":"PropertyValueSpecification","valueRequired":true,"valueName":"search_term_string"}}],"inLanguage":"fr-FR"}]}},"_links":{"self":[{"href":"https:\/\/rayshell.de\/fr\/wp-json\/wp\/v2\/pages\/18925","targetHints":{"allow":["GET"]}}],"collection":[{"href":"https:\/\/rayshell.de\/fr\/wp-json\/wp\/v2\/pages"}],"about":[{"href":"https:\/\/rayshell.de\/fr\/wp-json\/wp\/v2\/types\/page"}],"author":[{"embeddable":true,"href":"https:\/\/rayshell.de\/fr\/wp-json\/wp\/v2\/users\/153"}],"replies":[{"embeddable":true,"href":"https:\/\/rayshell.de\/fr\/wp-json\/wp\/v2\/comments?post=18925"}],"version-history":[{"count":63,"href":"https:\/\/rayshell.de\/fr\/wp-json\/wp\/v2\/pages\/18925\/revisions"}],"predecessor-version":[{"id":34344,"href":"https:\/\/rayshell.de\/fr\/wp-json\/wp\/v2\/pages\/18925\/revisions\/34344"}],"wp:attachment":[{"href":"https:\/\/rayshell.de\/fr\/wp-json\/wp\/v2\/media?parent=18925"}],"curies":[{"name":"wp","href":"https:\/\/api.w.org\/{rel}","templated":true}]}}